{"id":4422,"date":"2024-02-15T10:01:00","date_gmt":"2024-02-15T15:01:00","guid":{"rendered":"https:\/\/foundationmtygroup.com\/01-goodheart-charity\/"},"modified":"2026-04-13T18:11:28","modified_gmt":"2026-04-13T22:11:28","slug":"fondation-mty-group","status":"publish","type":"page","link":"https:\/\/foundationmtygroup.com\/fr\/","title":{"rendered":"Fondation MTY"},"content":{"rendered":"\t\t<div data-elementor-type=\"wp-page\" data-elementor-id=\"4422\" class=\"elementor elementor-4422 elementor-2610\" data-elementor-post-type=\"page\">\n\t\t\t\t<div class=\"elementor-element elementor-element-de7f31b e-con-full e-flex elementor-invisible e-con e-parent\" data-id=\"de7f31b\" data-element_type=\"container\" data-e-type=\"container\" data-settings=\"{&quot;background_background&quot;:&quot;classic&quot;,&quot;animation&quot;:&quot;lakitShortFadeInUp&quot;,&quot;animation_delay&quot;:50}\">\n\t\t\t\t<div class=\"elementor-element elementor-element-3a1c9a1 elementor-widget elementor-widget-heading\" data-id=\"3a1c9a1\" data-element_type=\"widget\" data-e-type=\"widget\" data-widget_type=\"heading.default\">\n\t\t\t\t<div class=\"elementor-widget-container\">\n\t\t\t\t\t<div class=\"elementor-heading-title elementor-size-default\">#ensembleonyarrivera <\/div>\t\t\t\t<\/div>\n\t\t\t\t<\/div>\n\t\t\t\t<div class=\"elementor-element elementor-element-4b0ddb5 elementor-widget elementor-widget-heading\" data-id=\"4b0ddb5\" data-element_type=\"widget\" data-e-type=\"widget\" data-widget_type=\"heading.default\">\n\t\t\t\t<div class=\"elementor-widget-container\">\n\t\t\t\t\t<div class=\"elementor-heading-title elementor-size-default\">Nourrir. Soutenir. S\u2019engager.<\/div>\t\t\t\t<\/div>\n\t\t\t\t<\/div>\n\t\t\t\t<div class=\"elementor-element elementor-element-12011a6 elementor-widget__width-initial elementor-invisible elementor-widget elementor-widget-text-editor\" data-id=\"12011a6\" data-element_type=\"widget\" data-e-type=\"widget\" data-settings=\"{&quot;_animation&quot;:&quot;lakitShortFadeInUp&quot;,&quot;_animation_delay&quot;:150}\" data-widget_type=\"text-editor.default\">\n\t\t\t\t<div class=\"elementor-widget-container\">\n\t\t\t\t\t\t\t\t\t<p>Tels sont les piliers de notre mission, qui consiste \u00e0 s\u2019impliquer aupr\u00e8s des communaut\u00e9s dans le besoin en leur fournissant ce dont ils ont besoin pour favoriser leur efflorescence.<\/p>\t\t\t\t\t\t\t\t<\/div>\n\t\t\t\t<\/div>\n\t\t<div class=\"elementor-element elementor-element-fdf49f1 e-con-full e-flex e-con e-child\" data-id=\"fdf49f1\" data-element_type=\"container\" data-e-type=\"container\">\n\t\t\t\t<div class=\"elementor-element elementor-element-2899a89 elementor-align-left elementor-widget elementor-widget-button\" data-id=\"2899a89\" data-element_type=\"widget\" data-e-type=\"widget\" data-widget_type=\"button.default\">\n\t\t\t\t<div class=\"elementor-widget-container\">\n\t\t\t\t\t\t\t\t\t<div class=\"elementor-button-wrapper\">\n\t\t\t\t\t<a class=\"elementor-button elementor-button-link elementor-size-sm\" href=\"#donate\">\n\t\t\t\t\t\t<span class=\"elementor-button-content-wrapper\">\n\t\t\t\t\t\t\t\t\t<span class=\"elementor-button-text\">DONNEZ<\/span>\n\t\t\t\t\t<\/span>\n\t\t\t\t\t<\/a>\n\t\t\t\t<\/div>\n\t\t\t\t\t\t\t\t<\/div>\n\t\t\t\t<\/div>\n\t\t\t\t<\/div>\n\t\t\t\t<\/div>\n\t\t<div class=\"elementor-element elementor-element-75ee3f7 e-flex e-con-boxed e-con e-parent\" data-id=\"75ee3f7\" data-element_type=\"container\" data-e-type=\"container\" id=\"learn\">\n\t\t\t\t\t<div class=\"e-con-inner\">\n\t\t<div class=\"elementor-element elementor-element-413caed e-con-full e-flex e-con e-child\" data-id=\"413caed\" data-element_type=\"container\" data-e-type=\"container\" data-settings=\"{&quot;background_background&quot;:&quot;classic&quot;}\">\n\t\t\t\t<\/div>\n\t\t<div class=\"elementor-element elementor-element-64ba94a e-con-full e-flex e-con e-child\" data-id=\"64ba94a\" data-element_type=\"container\" data-e-type=\"container\">\n\t\t\t\t<div class=\"elementor-element elementor-element-1be95be elementor-invisible elementor-widget elementor-widget-heading\" data-id=\"1be95be\" data-element_type=\"widget\" data-e-type=\"widget\" data-settings=\"{&quot;_animation&quot;:&quot;lakitShortFadeInUp&quot;,&quot;_animation_delay&quot;:50}\" data-widget_type=\"heading.default\">\n\t\t\t\t<div class=\"elementor-widget-container\">\n\t\t\t\t\t<h2 class=\"elementor-heading-title elementor-size-default\">Propager la bienveillance gr\u00e2ce aux dons<\/h2>\t\t\t\t<\/div>\n\t\t\t\t<\/div>\n\t\t\t\t<div class=\"elementor-element elementor-element-50268dc elementor-widget-divider--view-line elementor-invisible elementor-widget elementor-widget-divider\" data-id=\"50268dc\" data-element_type=\"widget\" data-e-type=\"widget\" data-settings=\"{&quot;_animation&quot;:&quot;lakitShortFadeInUp&quot;,&quot;_animation_delay&quot;:100}\" data-widget_type=\"divider.default\">\n\t\t\t\t<div class=\"elementor-widget-container\">\n\t\t\t\t\t\t\t<div class=\"elementor-divider\">\n\t\t\t<span class=\"elementor-divider-separator\">\n\t\t\t\t\t\t<\/span>\n\t\t<\/div>\n\t\t\t\t\t\t<\/div>\n\t\t\t\t<\/div>\n\t\t\t\t<div class=\"elementor-element elementor-element-68bdc99 elementor-widget__width-initial elementor-invisible elementor-widget elementor-widget-text-editor\" data-id=\"68bdc99\" data-element_type=\"widget\" data-e-type=\"widget\" data-settings=\"{&quot;_animation&quot;:&quot;lakitShortFadeInUp&quot;,&quot;_animation_delay&quot;:150}\" data-widget_type=\"text-editor.default\">\n\t\t\t\t<div class=\"elementor-widget-container\">\n\t\t\t\t\t\t\t\t\tLa Fondation MTY se d\u00e9voue \u00e0 la responsabilit\u00e9 sociale et vise avoir un impact positif sur diverses causes. Gr\u00e2ce \u00e0 nos valeurs et \u00e0 notre engagement, nous d\u00e9sirons donner \u00e0 quiconque dans le besoin les moyens de mener une vie plus saine et plus r\u00e9siliente.\t\t\t\t\t\t\t\t<\/div>\n\t\t\t\t<\/div>\n\t\t\t\t<\/div>\n\t\t\t\t\t<\/div>\n\t\t\t\t<\/div>\n\t\t<div class=\"elementor-element elementor-element-9d5a31c e-con-full e-flex elementor-invisible e-con e-parent\" data-id=\"9d5a31c\" data-element_type=\"container\" data-e-type=\"container\" data-settings=\"{&quot;background_background&quot;:&quot;classic&quot;,&quot;animation&quot;:&quot;lakitShortFadeInUp&quot;,&quot;animation_delay&quot;:50}\">\n\t\t<div class=\"elementor-element elementor-element-7dc7741 e-con-full e-flex e-con e-child\" data-id=\"7dc7741\" data-element_type=\"container\" data-e-type=\"container\" data-settings=\"{&quot;background_background&quot;:&quot;classic&quot;}\">\n\t\t\t\t<\/div>\n\t\t<div class=\"elementor-element elementor-element-d7c36a7 e-con-full e-flex e-con e-child\" data-id=\"d7c36a7\" data-element_type=\"container\" data-e-type=\"container\">\n\t\t<div class=\"elementor-element elementor-element-448b4af e-con-full e-flex elementor-invisible e-con e-child\" data-id=\"448b4af\" data-element_type=\"container\" data-e-type=\"container\" data-settings=\"{&quot;animation&quot;:&quot;lakitShortFadeInUp&quot;,&quot;animation_delay&quot;:150}\">\n\t\t\t\t<div class=\"elementor-element elementor-element-e522a89 elementor-widget elementor-widget-heading\" data-id=\"e522a89\" data-element_type=\"widget\" data-e-type=\"widget\" data-widget_type=\"heading.default\">\n\t\t\t\t<div class=\"elementor-widget-container\">\n\t\t\t\t\t<h2 class=\"elementor-heading-title elementor-size-default\">Notre engagement<\/h2>\t\t\t\t<\/div>\n\t\t\t\t<\/div>\n\t\t\t\t<div class=\"elementor-element elementor-element-d53b4ee elementor-widget-divider--view-line elementor-widget elementor-widget-divider\" data-id=\"d53b4ee\" data-element_type=\"widget\" data-e-type=\"widget\" data-widget_type=\"divider.default\">\n\t\t\t\t<div class=\"elementor-widget-container\">\n\t\t\t\t\t\t\t<div class=\"elementor-divider\">\n\t\t\t<span class=\"elementor-divider-separator\">\n\t\t\t\t\t\t<\/span>\n\t\t<\/div>\n\t\t\t\t\t\t<\/div>\n\t\t\t\t<\/div>\n\t\t<div class=\"elementor-element elementor-element-a531772 e-con-full e-flex e-con e-child\" data-id=\"a531772\" data-element_type=\"container\" data-e-type=\"container\">\n\t\t<div class=\"elementor-element elementor-element-0911147 e-con-full e-flex e-con e-child\" data-id=\"0911147\" data-element_type=\"container\" data-e-type=\"container\">\n\t\t\t\t<div class=\"elementor-element elementor-element-ae32ffb elementor-widget__width-inherit elementor-widget elementor-widget-text-editor\" data-id=\"ae32ffb\" data-element_type=\"widget\" data-e-type=\"widget\" data-widget_type=\"text-editor.default\">\n\t\t\t\t<div class=\"elementor-widget-container\">\n\t\t\t\t\t\t\t\t\t<p>Notre fondation s\u2019implique \u00e0 favoriser une bonne alimentation aupr\u00e8s des communaut\u00e9s \u00e0 travers le Canada. Nous croyons que l&rsquo;acc\u00e8s \u00e0 des aliments nutritifs est un droit humain fondamental et nous nous engageons \u00e0 lutter contre l&rsquo;ins\u00e9curit\u00e9 alimentaire, la faim et la malnutrition par le biais de solutions novatrices et de partenariats strat\u00e9giques. En mettant l&rsquo;accent sur la gestion de l&rsquo;environnement et la responsabilit\u00e9 sociale, nous visons \u00e0 cr\u00e9er un avenir o\u00f9 tout le monde aura acc\u00e8s \u00e0 une alimentation saine et o\u00f9 les communaut\u00e9s prosp\u00e9reront en harmonie avec la plan\u00e8te.<\/p>\t\t\t\t\t\t\t\t<\/div>\n\t\t\t\t<\/div>\n\t\t\t\t<\/div>\n\t\t\t\t<\/div>\n\t\t\t\t<\/div>\n\t\t\t\t<\/div>\n\t\t\t\t<\/div>\n\t\t<div class=\"elementor-element elementor-element-986e18e e-flex e-con-boxed e-con e-parent\" data-id=\"986e18e\" data-element_type=\"container\" data-e-type=\"container\" id=\"donate\" data-settings=\"{&quot;background_background&quot;:&quot;classic&quot;}\">\n\t\t\t\t\t<div class=\"e-con-inner\">\n\t\t\t\t<div class=\"elementor-element elementor-element-f7cbf3c elementor-widget-mobile__width-initial elementor-invisible elementor-widget elementor-widget-heading\" data-id=\"f7cbf3c\" data-element_type=\"widget\" data-e-type=\"widget\" data-settings=\"{&quot;_animation&quot;:&quot;lakitShortFadeInUp&quot;,&quot;_animation_delay&quot;:50}\" data-widget_type=\"heading.default\">\n\t\t\t\t<div class=\"elementor-widget-container\">\n\t\t\t\t\t<h2 class=\"elementor-heading-title elementor-size-default\">DONNEZ MAINTENANT<\/h2>\t\t\t\t<\/div>\n\t\t\t\t<\/div>\n\t\t\t\t<div class=\"elementor-element elementor-element-11984cf elementor-widget-divider--view-line elementor-invisible elementor-widget elementor-widget-divider\" data-id=\"11984cf\" data-element_type=\"widget\" data-e-type=\"widget\" data-settings=\"{&quot;_animation&quot;:&quot;lakitShortFadeInUp&quot;,&quot;_animation_delay&quot;:100}\" data-widget_type=\"divider.default\">\n\t\t\t\t<div class=\"elementor-widget-container\">\n\t\t\t\t\t\t\t<div class=\"elementor-divider\">\n\t\t\t<span class=\"elementor-divider-separator\">\n\t\t\t\t\t\t<\/span>\n\t\t<\/div>\n\t\t\t\t\t\t<\/div>\n\t\t\t\t<\/div>\n\t\t<div class=\"elementor-element elementor-element-48b1cee e-flex e-con-boxed e-con e-child\" data-id=\"48b1cee\" data-element_type=\"container\" data-e-type=\"container\" data-settings=\"{&quot;background_background&quot;:&quot;classic&quot;}\">\n\t\t\t\t\t<div class=\"e-con-inner\">\n\t\t\t\t<div class=\"elementor-element elementor-element-0d3390d elementor-widget__width-initial elementor-widget-laptop__width-initial elementor-widget elementor-widget-shortcode\" data-id=\"0d3390d\" data-element_type=\"widget\" data-e-type=\"widget\" data-widget_type=\"shortcode.default\">\n\t\t\t\t<div class=\"elementor-widget-container\">\n\t\t\t\t\t\t\t<div class=\"elementor-shortcode\">\n    <iframe\n      id=\"JotFormIFrame-253346919952267\"\n      title=\"MTY Foundation Main Donation Form - FR\"\n      onload=\"window.parent.scrollTo(0,0)\"\n      allowtransparency=\"true\"\n      allow=\"geolocation; microphone; camera; fullscreen; payment\"\n      src=\"https:\/\/pci.jotform.com\/form\/253346919952267\"\n      frameborder=\"0\"\n      style=\"min-width:100%;max-width:100%;height:auto;border:none;\"\n      scrolling=\"no\"\n    >\n    <\/iframe>\n    <script src='https:\/\/cdn.jotfor.ms\/s\/umd\/latest\/for-form-embed-handler.js'><\/script>\n    <script>window.jotformEmbedHandler(\"iframe[id='JotFormIFrame-253346919952267']\", \"https:\/\/pci.jotform.com\/\")<\/script>\n    <\/div>\n\t\t\t\t\t\t<\/div>\n\t\t\t\t<\/div>\n\t\t\t\t\t<\/div>\n\t\t\t\t<\/div>\n\t\t<div class=\"elementor-element elementor-element-d01492d e-flex e-con-boxed e-con e-child\" data-id=\"d01492d\" data-element_type=\"container\" data-e-type=\"container\">\n\t\t\t\t\t<div class=\"e-con-inner\">\n\t\t\t\t\t<\/div>\n\t\t\t\t<\/div>\n\t\t<div class=\"elementor-element elementor-element-355321c e-flex e-con-boxed e-con e-child\" data-id=\"355321c\" data-element_type=\"container\" data-e-type=\"container\" data-settings=\"{&quot;background_background&quot;:&quot;classic&quot;}\">\n\t\t\t\t\t<div class=\"e-con-inner\">\n\t\t\t\t\t<\/div>\n\t\t\t\t<\/div>\n\t\t\t\t\t<\/div>\n\t\t\t\t<\/div>\n\t\t\t\t<\/div>\n\t\t","protected":false},"excerpt":{"rendered":"<p>#ensembleonyarrivera Nourrir. Soutenir. S\u2019engager. Tels sont les piliers de notre mission, qui consiste \u00e0 s\u2019impliquer aupr\u00e8s des communaut\u00e9s dans le besoin en leur fournissant ce dont ils ont besoin pour favoriser leur efflorescence. DONNEZ Propager la bienveillance gr\u00e2ce aux dons La Fondation MTY se d\u00e9voue \u00e0 la responsabilit\u00e9 sociale et vise avoir un impact positif [&hellip;]<\/p>\n","protected":false},"author":1,"featured_media":0,"parent":0,"menu_order":0,"comment_status":"closed","ping_status":"closed","template":"elementor_header_footer","meta":{"footnotes":""},"class_list":["post-4422","page","type-page","status-publish","hentry"],"yoast_head":"<!-- This site is optimized with the Yoast SEO plugin v27.3 - https:\/\/yoast.com\/product\/yoast-seo-wordpress\/ -->\n<title>Fondation MTY Group Foundation - Nourrir. Autonomiser. S&#039;engager.<\/title>\n<meta name=\"description\" content=\"Nourrir. Autonomiser. S&#039;engager. Tels sont les piliers de notre mission, qui consiste \u00e0 accompagner, \u00e0 renforcer et \u00e0 apporter notre soutien.\" \/>\n<meta name=\"robots\" content=\"index, follow, max-snippet:-1, max-image-preview:large, max-video-preview:-1\" \/>\n<link rel=\"canonical\" href=\"https:\/\/foundationmtygroup.com\/fr\/\" \/>\n<meta property=\"og:locale\" content=\"fr_FR\" \/>\n<meta property=\"og:type\" content=\"article\" \/>\n<meta property=\"og:title\" content=\"Fondation MTY Group Foundation - Nourrir. Autonomiser. S&#039;engager.\" \/>\n<meta property=\"og:description\" content=\"Nourrir. Autonomiser. S&#039;engager. Tels sont les piliers de notre mission, qui consiste \u00e0 accompagner, \u00e0 renforcer et \u00e0 apporter notre soutien.\" \/>\n<meta property=\"og:url\" content=\"https:\/\/foundationmtygroup.com\/fr\/\" \/>\n<meta property=\"og:site_name\" content=\"Fondation MTY Group Foundation\" \/>\n<meta property=\"article:publisher\" content=\"https:\/\/www.facebook.com\/fondationgroupemty\" \/>\n<meta property=\"article:modified_time\" content=\"2026-04-13T22:11:28+00:00\" \/>\n<meta name=\"twitter:card\" content=\"summary_large_image\" \/>\n<meta name=\"twitter:label1\" content=\"Dur\u00e9e de lecture estim\u00e9e\" \/>\n\t<meta name=\"twitter:data1\" content=\"1 minute\" \/>\n<script type=\"application\/ld+json\" class=\"yoast-schema-graph\">{\"@context\":\"https:\\\/\\\/schema.org\",\"@graph\":[{\"@type\":\"WebPage\",\"@id\":\"https:\\\/\\\/foundationmtygroup.com\\\/fr\\\/\",\"url\":\"https:\\\/\\\/foundationmtygroup.com\\\/fr\\\/\",\"name\":\"Fondation MTY Group Foundation - Nourrir. Autonomiser. S'engager.\",\"isPartOf\":{\"@id\":\"https:\\\/\\\/foundationmtygroup.com\\\/#website\"},\"datePublished\":\"2024-02-15T15:01:00+00:00\",\"dateModified\":\"2026-04-13T22:11:28+00:00\",\"description\":\"Nourrir. Autonomiser. S'engager. Tels sont les piliers de notre mission, qui consiste \u00e0 accompagner, \u00e0 renforcer et \u00e0 apporter notre soutien.\",\"breadcrumb\":{\"@id\":\"https:\\\/\\\/foundationmtygroup.com\\\/fr\\\/#breadcrumb\"},\"inLanguage\":\"fr-FR\",\"potentialAction\":[{\"@type\":\"ReadAction\",\"target\":[\"https:\\\/\\\/foundationmtygroup.com\\\/fr\\\/\"]}]},{\"@type\":\"BreadcrumbList\",\"@id\":\"https:\\\/\\\/foundationmtygroup.com\\\/fr\\\/#breadcrumb\",\"itemListElement\":[{\"@type\":\"ListItem\",\"position\":1,\"name\":\"Home\",\"item\":\"https:\\\/\\\/foundationmtygroup.com\\\/fr\\\/\"},{\"@type\":\"ListItem\",\"position\":2,\"name\":\"Fondation MTY\"}]},{\"@type\":\"WebSite\",\"@id\":\"https:\\\/\\\/foundationmtygroup.com\\\/#website\",\"url\":\"https:\\\/\\\/foundationmtygroup.com\\\/\",\"name\":\"Fondation MTY Group Foundation\",\"description\":\"Nourish. Empower. Commit. Ensuring support for individuals and communities in need.\",\"potentialAction\":[{\"@type\":\"SearchAction\",\"target\":{\"@type\":\"EntryPoint\",\"urlTemplate\":\"https:\\\/\\\/foundationmtygroup.com\\\/?s={search_term_string}\"},\"query-input\":{\"@type\":\"PropertyValueSpecification\",\"valueRequired\":true,\"valueName\":\"search_term_string\"}}],\"inLanguage\":\"fr-FR\"}]}<\/script>\n<!-- \/ Yoast SEO plugin. -->","yoast_head_json":{"title":"Fondation MTY Group Foundation - Nourrir. Autonomiser. S'engager.","description":"Nourrir. Autonomiser. S'engager. Tels sont les piliers de notre mission, qui consiste \u00e0 accompagner, \u00e0 renforcer et \u00e0 apporter notre soutien.","robots":{"index":"index","follow":"follow","max-snippet":"max-snippet:-1","max-image-preview":"max-image-preview:large","max-video-preview":"max-video-preview:-1"},"canonical":"https:\/\/foundationmtygroup.com\/fr\/","og_locale":"fr_FR","og_type":"article","og_title":"Fondation MTY Group Foundation - Nourrir. Autonomiser. S'engager.","og_description":"Nourrir. Autonomiser. S'engager. Tels sont les piliers de notre mission, qui consiste \u00e0 accompagner, \u00e0 renforcer et \u00e0 apporter notre soutien.","og_url":"https:\/\/foundationmtygroup.com\/fr\/","og_site_name":"Fondation MTY Group Foundation","article_publisher":"https:\/\/www.facebook.com\/fondationgroupemty","article_modified_time":"2026-04-13T22:11:28+00:00","twitter_card":"summary_large_image","twitter_misc":{"Dur\u00e9e de lecture estim\u00e9e":"1 minute"},"schema":{"@context":"https:\/\/schema.org","@graph":[{"@type":"WebPage","@id":"https:\/\/foundationmtygroup.com\/fr\/","url":"https:\/\/foundationmtygroup.com\/fr\/","name":"Fondation MTY Group Foundation - Nourrir. Autonomiser. S'engager.","isPartOf":{"@id":"https:\/\/foundationmtygroup.com\/#website"},"datePublished":"2024-02-15T15:01:00+00:00","dateModified":"2026-04-13T22:11:28+00:00","description":"Nourrir. Autonomiser. S'engager. Tels sont les piliers de notre mission, qui consiste \u00e0 accompagner, \u00e0 renforcer et \u00e0 apporter notre soutien.","breadcrumb":{"@id":"https:\/\/foundationmtygroup.com\/fr\/#breadcrumb"},"inLanguage":"fr-FR","potentialAction":[{"@type":"ReadAction","target":["https:\/\/foundationmtygroup.com\/fr\/"]}]},{"@type":"BreadcrumbList","@id":"https:\/\/foundationmtygroup.com\/fr\/#breadcrumb","itemListElement":[{"@type":"ListItem","position":1,"name":"Home","item":"https:\/\/foundationmtygroup.com\/fr\/"},{"@type":"ListItem","position":2,"name":"Fondation MTY"}]},{"@type":"WebSite","@id":"https:\/\/foundationmtygroup.com\/#website","url":"https:\/\/foundationmtygroup.com\/","name":"Fondation MTY Group Foundation","description":"Nourish. Empower. Commit. Ensuring support for individuals and communities in need.","potentialAction":[{"@type":"SearchAction","target":{"@type":"EntryPoint","urlTemplate":"https:\/\/foundationmtygroup.com\/?s={search_term_string}"},"query-input":{"@type":"PropertyValueSpecification","valueRequired":true,"valueName":"search_term_string"}}],"inLanguage":"fr-FR"}]}},"_links":{"self":[{"href":"https:\/\/foundationmtygroup.com\/fr\/wp-json\/wp\/v2\/pages\/4422","targetHints":{"allow":["GET"]}}],"collection":[{"href":"https:\/\/foundationmtygroup.com\/fr\/wp-json\/wp\/v2\/pages"}],"about":[{"href":"https:\/\/foundationmtygroup.com\/fr\/wp-json\/wp\/v2\/types\/page"}],"author":[{"embeddable":true,"href":"https:\/\/foundationmtygroup.com\/fr\/wp-json\/wp\/v2\/users\/1"}],"replies":[{"embeddable":true,"href":"https:\/\/foundationmtygroup.com\/fr\/wp-json\/wp\/v2\/comments?post=4422"}],"version-history":[{"count":0,"href":"https:\/\/foundationmtygroup.com\/fr\/wp-json\/wp\/v2\/pages\/4422\/revisions"}],"wp:attachment":[{"href":"https:\/\/foundationmtygroup.com\/fr\/wp-json\/wp\/v2\/media?parent=4422"}],"curies":[{"name":"wp","href":"https:\/\/api.w.org\/{rel}","templated":true}]}}